{"id":42,"date":"2024-09-19T18:36:38","date_gmt":"2024-09-19T16:36:38","guid":{"rendered":"https:\/\/praevention-sucht.ch\/?page_id=42"},"modified":"2025-02-12T16:35:49","modified_gmt":"2025-02-12T15:35:49","slug":"suchtpraevention","status":"publish","type":"page","link":"https:\/\/www.praevention-sucht.ch\/","title":{"rendered":"Suchtpr\u00e4vention"},"content":{"rendered":"\n<p class=\"has-medium-font-size\">Das Thema Suchtpr\u00e4vention geh\u00f6rt kaum in den Lehrplan der Schweizer Schulen. Und das ist in meinen Augen ein fataler Fehler. Denn die meisten Suchtgeschichten beginnen im Alter zwischen 13 und 16 Jahren. In diesem Alter sind Jugendliche besonders gef\u00e4hrdet. Es ist eine Lebenszeit, in der sich Jugendliche immer mehr von der Familie abl\u00f6sen, ihre eigene Individualit\u00e4t suchen und offen sind Neues zu probieren, ohne sich deren Konsequenzen vollumf\u00e4nglich bewusst zu sein. Die Jugendlichen integrieren sich in Cliquen, deren Stellenwert immer mehr an Bedeutung gewinnt. Somit steigt auch der Gruppendruck.<\/p>\n\n\n\n<p class=\"has-medium-font-size\">Mein Name ist Silvia Eyer, geboren im Jahr 1984. Mit 13 Jahren habe ich begonnen Cannabis zu konsumieren. Mit 15 Jahren war ich bereits heroins\u00fcchtig. Den Ausstieg schaffte ich nach einem harten Kampf mit 25 Jahren. Es dauerte lange Zeit, bis ich mir ein neues Leben aufbauen konnte. Nach einigen Jahren, in denen ich als Journalistin t\u00e4tig war, bin ich heute Gemeinder\u00e4tin von Naters, Integrationsdelegierte, Yogalehrerin und Bestseller-Autorin. Mein Buch \u00abZur\u00fcck im Leben \u2013 Mein Weg aus der Heroinsucht\u00bb ist im Januar 2024 erschienen und landete direkt f\u00fcr mehrere Wochen auf der Schweizer Bestsellerliste.<\/p>\n\n\n\n<div style=\"height:27px\" aria-hidden=\"true\" class=\"wp-block-spacer\"><\/div>\n\n\n\n<figure class=\"wp-block-image aligncenter size-medium\"><img loading=\"lazy\" decoding=\"async\" width=\"194\" height=\"300\" src=\"https:\/\/praevention-sucht.ch\/wp-content\/uploads\/2024\/09\/Buchcover-Silvia-Eyer-194x300.png\" alt=\"\" class=\"wp-image-45\" srcset=\"https:\/\/www.praevention-sucht.ch\/wp-content\/uploads\/2024\/09\/Buchcover-Silvia-Eyer-194x300.png 194w, https:\/\/www.praevention-sucht.ch\/wp-content\/uploads\/2024\/09\/Buchcover-Silvia-Eyer.png 626w\" sizes=\"auto, (max-width: 194px) 100vw, 194px\" \/><\/figure>\n\n\n\n<div style=\"height:27px\" aria-hidden=\"true\" class=\"wp-block-spacer\"><\/div>\n\n\n\n<p class=\"has-medium-font-size\">Das Thema Suchtpr\u00e4vention liegt mir sehr am Herzen. In meinem eigenen Leben konnte ich erfahren, wie naiv ich damals zu Drogen gegriffen habe, ohne mir der Konsequenzen, die dieses Handeln nach sich zieht, bewusst zu sein. An meinem eigenen Leib konnte ich die Schmerzen eines Entzuges sp\u00fcren. Wie auch das Leid, das mit einer Sucht verbunden ist. Heute bin ich seit 15 Jahren clean. Und ich f\u00fchle mich durch meine eigenen Erfahrungen dazu berufen, Jugendliche davor zu bewahren, diesen Schritt zu gehen und sich ihr Leben kaputt zu machen oder sogar daran zu sterben. Denn das ist der Sinn, den ich heute hinter meiner Geschichte erkennen kann.<\/p>\n\n\n\n<div style=\"height:27px\" aria-hidden=\"true\" class=\"wp-block-spacer\"><\/div>\n\n\n\n<h2 class=\"wp-block-heading\">Stimmen<\/h2>\n\n\n\n<blockquote class=\"wp-block-quote is-layout-flow wp-block-quote-is-layout-flow\">\n<p class=\"has-medium-font-size\">\u00abDie Kombination zwischen Vorlesen, Fragen stellen lassen, Theorieteil und Gruppenarbeit war prima und machte es kurzweilig. Diese Art der Suchtpr\u00e4vention ist meines Erachtens nachhaltig und ich werde dies gerne weiterempfehlen.\u00bb<\/p>\n\n\n\n<p><em><sup>Lehrerin der Schule Gampel<\/sup><\/em><\/p>\n<\/blockquote>\n\n\n\n<div style=\"height:27px\" aria-hidden=\"true\" class=\"wp-block-spacer\"><\/div>\n\n\n\n<blockquote class=\"wp-block-quote is-layout-flow wp-block-quote-is-layout-flow\">\n<p class=\"has-medium-font-size\">\u00abEs waren durchweg NUR positive Reaktionen, die SuS fanden es sehr toll, sehr lehrreich und total authentisch!\u00bb<\/p>\n\n\n\n<p class=\"has-small-font-size\"><em><em><sup>Lehrerin der Rudolf Steiner Schule M\u00fcnchenstein<\/sup><\/em><\/em><\/p>\n<\/blockquote>\n\n\n\n<div style=\"height:27px\" aria-hidden=\"true\" class=\"wp-block-spacer\"><\/div>\n\n\n\n<blockquote class=\"wp-block-quote is-layout-flow wp-block-quote-is-layout-flow\">\n<p class=\"has-medium-font-size\">\u00abIch habe gelernt, dass ich nie mit Drogen anfangen sollte. Sie k\u00f6nnen einen Menschen zerst\u00f6ren. Ich war schockiert, wie schnell man s\u00fcchtig werden kann. Die Suchtpr\u00e4vention von Frau Silvia Eyer war eine tolle Erfahrung und ich habe vieles mitgenommen.\u00bb <\/p>\n\n\n\n<p><em><sup>Sch\u00fclerin der Schule Gampel<\/sup><\/em><\/p>\n<\/blockquote>\n\n\n\n<div style=\"height:27px\" aria-hidden=\"true\" class=\"wp-block-spacer\"><\/div>\n\n\n\n<figure class=\"wp-block-image aligncenter size-medium\"><img loading=\"lazy\" decoding=\"async\" width=\"300\" height=\"300\" src=\"https:\/\/www.praevention-sucht.ch\/wp-content\/uploads\/2024\/09\/cropped-Zurueck-im-Leben-300x300.png\" alt=\"\" class=\"wp-image-41\" srcset=\"https:\/\/www.praevention-sucht.ch\/wp-content\/uploads\/2024\/09\/cropped-Zurueck-im-Leben-300x300.png 300w, https:\/\/www.praevention-sucht.ch\/wp-content\/uploads\/2024\/09\/cropped-Zurueck-im-Leben-150x150.png 150w, https:\/\/www.praevention-sucht.ch\/wp-content\/uploads\/2024\/09\/cropped-Zurueck-im-Leben-270x270.png 270w, https:\/\/www.praevention-sucht.ch\/wp-content\/uploads\/2024\/09\/cropped-Zurueck-im-Leben-192x192.png 192w, https:\/\/www.praevention-sucht.ch\/wp-content\/uploads\/2024\/09\/cropped-Zurueck-im-Leben-180x180.png 180w, https:\/\/www.praevention-sucht.ch\/wp-content\/uploads\/2024\/09\/cropped-Zurueck-im-Leben-32x32.png 32w, https:\/\/www.praevention-sucht.ch\/wp-content\/uploads\/2024\/09\/cropped-Zurueck-im-Leben.png 512w\" sizes=\"auto, (max-width: 300px) 100vw, 300px\" \/><\/figure>\n\n\n\n<div style=\"height:27px\" aria-hidden=\"true\" class=\"wp-block-spacer\"><\/div>\n\n\n\n<h2 class=\"wp-block-heading\">Ablauf<\/h2>\n\n\n\n<p class=\"has-medium-font-size\">Meine Pr\u00e4ventionsarbeit ist echt und lebensnah. Ich kommuniziere mit den Jugendlichen auf Augenh\u00f6he, in einem lockeren Rahmen, um so Vertrauen aufzubauen. Der Ablauf ist vom Zeitfaktor und vom gegebenen Rahmen abh\u00e4ngig. Ich pers\u00f6nlich empfehle zwei Stunden. In dieser Zeit habe ich die M\u00f6glichkeit, nach einer kurzen Einf\u00fchrung in einem ersten Teil einzelne Stellen aus meinem Buch vorzulesen und Fragen dazu zu beantworten. Die eindr\u00fccklich beschriebenen Suchterfahrungen mitsamt dem Hintergrund, der zu einer Sucht dazugeh\u00f6rt, f\u00fchrt den Jugendlichen vor Augen, wie schnell eine Sucht beginnen kann und mit wie viel Leid dies verbunden ist. Weiter gibt es  einen Theorieteil \u00fcber Drogen und ihre Gefahren und eine Gruppenarbeit, in der die Jugendlichen die Risiken, die zu einer Sucht f\u00fchren k\u00f6nnen, gemeinsam er\u00f6rtern. Im letzten Teil zeige ich den SuS auf, wo sie bei Problemen Hilfe bekommen k\u00f6nnen. Kontaktieren Sie mich und wir k\u00f6nnen die Einzelheiten an den von Ihnen gew\u00fcnschten Rahmen anpassen.\u00a0<\/p>\n\n\n\n<div style=\"height:27px\" aria-hidden=\"true\" class=\"wp-block-spacer\"><\/div>\n\n\n\n<h2 class=\"wp-block-heading\">Kontakt<\/h2>\n\n\n\n<p class=\"has-medium-font-size\">Silvia Eyer<\/p>\n\n\n\n<p class=\"has-medium-font-size\">079 912 83 91<\/p>\n\n\n\n<p class=\"has-medium-font-size\"><a href=\"mailto:eyer.silvia@bluewin.ch\">eyer.silvia@bluewin.ch<\/a><\/p>\n\n\n\n<p class=\"has-medium-font-size\"><a href=\"https:\/\/www.silvia-eyer.ch\">https:\/\/www.silvia-eyer.ch<\/a><\/p>\n\n\n\n<div style=\"height:27px\" aria-hidden=\"true\" class=\"wp-block-spacer\"><\/div>\n\n\n\n<figure class=\"wp-block-gallery alignwide has-nested-images columns-4 is-cropped wp-block-gallery-1 is-layout-flex wp-block-gallery-is-layout-flex\">\n<figure class=\"wp-block-image size-full\"><img loading=\"lazy\" decoding=\"async\" width=\"1080\" height=\"1080\" data-id=\"12\" src=\"https:\/\/www.praevention-sucht.ch\/wp-content\/uploads\/2024\/09\/Suchtpraevention.zip-1.png\" alt=\"\" class=\"wp-image-12\" srcset=\"https:\/\/www.praevention-sucht.ch\/wp-content\/uploads\/2024\/09\/Suchtpraevention.zip-1.png 1080w, https:\/\/www.praevention-sucht.ch\/wp-content\/uploads\/2024\/09\/Suchtpraevention.zip-1-300x300.png 300w, https:\/\/www.praevention-sucht.ch\/wp-content\/uploads\/2024\/09\/Suchtpraevention.zip-1-1024x1024.png 1024w, https:\/\/www.praevention-sucht.ch\/wp-content\/uploads\/2024\/09\/Suchtpraevention.zip-1-150x150.png 150w, https:\/\/www.praevention-sucht.ch\/wp-content\/uploads\/2024\/09\/Suchtpraevention.zip-1-768x768.png 768w\" sizes=\"auto, (max-width: 1080px) 100vw, 1080px\" \/><\/figure>\n\n\n\n<figure class=\"wp-block-image size-large\"><img loading=\"lazy\" decoding=\"async\" width=\"1024\" height=\"1024\" data-id=\"13\" src=\"https:\/\/www.praevention-sucht.ch\/wp-content\/uploads\/2024\/09\/Suchtpraevention.zip-2-1024x1024.png\" alt=\"\" class=\"wp-image-13\" srcset=\"https:\/\/www.praevention-sucht.ch\/wp-content\/uploads\/2024\/09\/Suchtpraevention.zip-2-1024x1024.png 1024w, https:\/\/www.praevention-sucht.ch\/wp-content\/uploads\/2024\/09\/Suchtpraevention.zip-2-300x300.png 300w, https:\/\/www.praevention-sucht.ch\/wp-content\/uploads\/2024\/09\/Suchtpraevention.zip-2-150x150.png 150w, https:\/\/www.praevention-sucht.ch\/wp-content\/uploads\/2024\/09\/Suchtpraevention.zip-2-768x768.png 768w, https:\/\/www.praevention-sucht.ch\/wp-content\/uploads\/2024\/09\/Suchtpraevention.zip-2.png 1080w\" sizes=\"auto, (max-width: 1024px) 100vw, 1024px\" \/><\/figure>\n\n\n\n<figure class=\"wp-block-image size-large\"><img loading=\"lazy\" decoding=\"async\" width=\"1024\" height=\"1024\" data-id=\"75\" src=\"https:\/\/www.praevention-sucht.ch\/wp-content\/uploads\/2024\/09\/Suchtpraevention-1024x1024.jpg\" alt=\"\" class=\"wp-image-75\" srcset=\"https:\/\/www.praevention-sucht.ch\/wp-content\/uploads\/2024\/09\/Suchtpraevention-1024x1024.jpg 1024w, https:\/\/www.praevention-sucht.ch\/wp-content\/uploads\/2024\/09\/Suchtpraevention-300x300.jpg 300w, https:\/\/www.praevention-sucht.ch\/wp-content\/uploads\/2024\/09\/Suchtpraevention-150x150.jpg 150w, https:\/\/www.praevention-sucht.ch\/wp-content\/uploads\/2024\/09\/Suchtpraevention-768x768.jpg 768w, https:\/\/www.praevention-sucht.ch\/wp-content\/uploads\/2024\/09\/Suchtpraevention-1536x1536.jpg 1536w, https:\/\/www.praevention-sucht.ch\/wp-content\/uploads\/2024\/09\/Suchtpraevention-2048x2048.jpg 2048w\" sizes=\"auto, (max-width: 1024px) 100vw, 1024px\" \/><\/figure>\n\n\n\n<figure class=\"wp-block-image aligncenter size-large\"><img loading=\"lazy\" decoding=\"async\" width=\"1024\" height=\"1024\" data-id=\"10\" src=\"https:\/\/www.praevention-sucht.ch\/wp-content\/uploads\/2024\/09\/Suchtpraevention.zip-4-1024x1024.png\" alt=\"\" class=\"wp-image-10\" srcset=\"https:\/\/www.praevention-sucht.ch\/wp-content\/uploads\/2024\/09\/Suchtpraevention.zip-4-1024x1024.png 1024w, https:\/\/www.praevention-sucht.ch\/wp-content\/uploads\/2024\/09\/Suchtpraevention.zip-4-300x300.png 300w, https:\/\/www.praevention-sucht.ch\/wp-content\/uploads\/2024\/09\/Suchtpraevention.zip-4-150x150.png 150w, https:\/\/www.praevention-sucht.ch\/wp-content\/uploads\/2024\/09\/Suchtpraevention.zip-4-768x768.png 768w, https:\/\/www.praevention-sucht.ch\/wp-content\/uploads\/2024\/09\/Suchtpraevention.zip-4.png 1080w\" sizes=\"auto, (max-width: 1024px) 100vw, 1024px\" \/><\/figure>\n<\/figure>\n\n\n\n<p><\/p>\n","protected":false},"excerpt":{"rendered":"<p>Das Thema Suchtpr\u00e4vention geh\u00f6rt kaum in den Lehrplan der Schweizer Schulen. Und das ist in meinen Augen ein fataler Fehler. Denn die meisten Suchtgeschichten beginnen im Alter zwischen 13 und 16 Jahren. In diesem Alter sind Jugendliche besonders gef\u00e4hrdet. Es ist eine Lebenszeit, in der sich Jugendliche immer mehr von der Familie abl\u00f6sen, ihre eigene [&hellip;]<\/p>\n","protected":false},"author":1,"featured_media":27,"parent":0,"menu_order":1,"comment_status":"closed","ping_status":"closed","template":"","meta":{"footnotes":""},"class_list":["post-42","page","type-page","status-publish","has-post-thumbnail","hentry"],"_links":{"self":[{"href":"https:\/\/www.praevention-sucht.ch\/index.php\/wp-json\/wp\/v2\/pages\/42","targetHints":{"allow":["GET"]}}],"collection":[{"href":"https:\/\/www.praevention-sucht.ch\/index.php\/wp-json\/wp\/v2\/pages"}],"about":[{"href":"https:\/\/www.praevention-sucht.ch\/index.php\/wp-json\/wp\/v2\/types\/page"}],"author":[{"embeddable":true,"href":"https:\/\/www.praevention-sucht.ch\/index.php\/wp-json\/wp\/v2\/users\/1"}],"replies":[{"embeddable":true,"href":"https:\/\/www.praevention-sucht.ch\/index.php\/wp-json\/wp\/v2\/comments?post=42"}],"version-history":[{"count":36,"href":"https:\/\/www.praevention-sucht.ch\/index.php\/wp-json\/wp\/v2\/pages\/42\/revisions"}],"predecessor-version":[{"id":160,"href":"https:\/\/www.praevention-sucht.ch\/index.php\/wp-json\/wp\/v2\/pages\/42\/revisions\/160"}],"wp:featuredmedia":[{"embeddable":true,"href":"https:\/\/www.praevention-sucht.ch\/index.php\/wp-json\/wp\/v2\/media\/27"}],"wp:attachment":[{"href":"https:\/\/www.praevention-sucht.ch\/index.php\/wp-json\/wp\/v2\/media?parent=42"}],"curies":[{"name":"wp","href":"https:\/\/api.w.org\/{rel}","templated":true}]}}